{"id":62,"date":"2013-07-03T19:47:46","date_gmt":"2013-07-03T19:47:46","guid":{"rendered":"http:\/\/www.unternehmensberatung-mortensen.de\/wordpress\/?page_id=62"},"modified":"2016-11-19T11:56:20","modified_gmt":"2016-11-19T11:56:20","slug":"impressum2","status":"publish","type":"page","link":"http:\/\/www.unternehmensberatung-mortensen.de\/?page_id=62","title":{"rendered":"Impressum"},"content":{"rendered":"<div style=\"font-family: Arial, sans-serif; font-size: 14px; line-height: 2.0em;\">Unternehmensberatung Mortensen<br \/>\nKeltenweg 16<br \/>\n93128 RegenstaufTel.: +49(0) 9402 \/\u00a02818<br \/>\nFax.: +49((0) 9402 \/ 9232<br \/>\nE-mail: <a href=\"mailto:info(at)unternehmensberatung-mortensen.de\">info@unternehmensberatung-mortensen.de<\/a><\/p>\n<p><strong>Gesch\u00e4ftsf\u00fchrer:<\/strong><br \/>\nWolfgang Mortensen e.K.<\/p>\n<p><strong>Registergericht:<\/strong><br \/>\nAmtsgericht Regensburg<br \/>\nHRA6217<br \/>\nSitz Regenstauf<\/p>\n<p>&nbsp;<\/p>\n<p align=\"center\">Disclaimer<\/p>\n<hr \/>\n<p>Dieser Disclaimer regelt die Nutzung des Informationsangebots der Unternehmensberatung Wolfgang Mortensen e.K. im Internet durch seine Kunden und Interessenten.<\/p>\n<p><strong>Benutzungsregeln<\/strong><br \/>\nZu zahlreichen Seiten, insbesondere Informationsangeboten, bieten wir einen unentgeltlichen und freien Zugang f\u00fcr Interessenten. Wir \u00fcbernehmen keine Verantwortung f\u00fcr Aktualit\u00e4t, Richtigkeit und Vollst\u00e4ndigkeit der Inhalte dieser frei nutzbaren Seiten, insbesondere nicht f\u00fcr Preis- und Produktinformationen, die Ergebnisse, die der Nutzer oder Dritte auf Grund von Informationen der Web-Seiten erzielen zu k\u00f6nnen meinen, und f\u00fcr Informationen Dritter, die auf diesen Web-Seiten enthalten oder \u00fcber diese zug\u00e4nglich sind. Alle Angebote sind freibleibend und unverbindlich. Dar\u00fcber hinaus behalten wir es uns ausdr\u00fccklich vor, Teile der Seiten oder das gesamte Angebot ohne gesonderte Ank\u00fcndigung zu ver\u00e4ndern, zu erg\u00e4nzen, zu l\u00f6schen oder die Ver\u00f6ffentlichung zeitweise oder endg\u00fcltig einzustellen.Wir \u00fcbernehmen keine Gew\u00e4hrleistung daf\u00fcr, dass die Inhalte auf diesen Web-Seiten frei von Fehlern und f\u00fcr bestimmte Zwecke geeignet sind.<\/p>\n<p><strong>1. Vertraulichkeit und Datenschutz<\/strong><br \/>\nWir erheben, verarbeiten und nutzen personenbezogene Daten des Kunden nur insoweit, als dies zur Durchf\u00fchrung der angebotenen Dienstleistung erforderlich ist.<br \/>\nWir leiten die Daten nicht an Dritte weiter, au\u00dfer dass dies zuvor dem Nutzer kenntlich gemacht und die \u00dcbertragung vom Nutzer durch eine eindeutige und bewusste Handlung elektronisch ausgel\u00f6st worden ist.<\/p>\n<p><strong>2. Keine Vertragsangebote und keine Beratung<\/strong><br \/>\nWir erbringen im Rahmen des angebotenen Services keine Anlageberatung. Die dargestellten Infos sollen lediglich die selbstst\u00e4ndige Anlageentscheidung des Nutzers erleichtern.<br \/>\nSoweit wir die M\u00f6glichkeit bieten \u00fcber ein Dialogsystem eine Finanzplanung zu erstellen, handelt es sich um ein standardisiertes Programm, das dem Nutzer Hilfestellung f\u00fcr seine individuelle Entscheidungsfindung bietet und ihn auf relevante Umst\u00e4nde aufmerksam macht. Eine individuelle Beratung ist hiermit nicht gegeben. Die Ergebnisse des Finanzplanungssystems h\u00e4ngen alleine von den Dateneingaben des Nutzers ab. Daten aus anderen Bereichen der Unternehmensberatung Mortensen e.K. Internetseiten werden nicht herangezogen.<\/p>\n<p><strong>3. Urhebernutzungsrechte<\/strong><br \/>\nAlle Web-Seiten der Unternehmensberatung Mortensen e.K. unterliegen dem gesetzlich gesch\u00fctzten Urheberrecht.<br \/>\nDies gilt f\u00fcr ihre Struktur und s\u00e4mtliche darin enthaltenen Funktionalit\u00e4ten, Informationen, Daten, Texte, Bild- und Tonmaterialien sowie alle zur Funktionalit\u00e4t dieser Web-Seiten eingesetzten Komponenten.<br \/>\nDer Nutzer darf die Inhalte im Rahmen der angebotenen Funktionalit\u00e4ten der Web-Seiten f\u00fcr seinen pers\u00f6nlichen Gebrauch nutzen. Im \u00dcbrigen erwirbt er keinerlei Rechte an den Inhalten und Programmen.<br \/>\nSoweit wir dem Kunden Software zum Download im Rahmen der Web-Seiten anbieten, beschr\u00e4nkt sich die Nutzungsberechtigung des Kunden auf die pers\u00f6nliche Verwendung.<\/p>\n<p><strong>4. Links<\/strong><br \/>\nDie Web-Seiten der Unternehmensberatung Mortensen e.K. k\u00f6nnen Links zu den Web-Seiten anderer Anbieter enthalten, f\u00fcr deren Inhalte wir ausdr\u00fccklich keine Haftung \u00fcbernehmen. Wir haben keinerlei Einfluss auf den Inhalt dieser Seiten.<br \/>\nDie Einrichtung eines Hyper- und eines Inline-Links von anderen Webseiten auf die Webseiten der Unternehmensberatung Mortensen e.K. , ohne vorherige schriftliche Zustimmung, untersagen wir ausdr\u00fccklich.<br \/>\nInsbesondere ist es unzul\u00e4ssig, die zu der Unternehmensberatung Mortensen e.K. geh\u00f6renden Webseiten oder deren Inhalte mittels Hyperlink in einem Teilfenster (Frame) einzubinden oder darzustellen.<\/p>\n<p><strong>5. Haftung<\/strong><br \/>\nDie Informationen auf unseren Seiten stellen wir ohne Gew\u00e4hr zusammen. Wir bem\u00fchen uns, sie auf dem neuesten Stand zu halten. Es kann trotzdem sein, dass Informationen veraltet, unvollst\u00e4ndig oder falsch sind.Die Haftung f\u00fcr leichte Fahrl\u00e4ssigkeit bei nicht wesentlichen Vertragspflichten ist auf den vorhersehbaren Schaden begrenzt; die Haftung f\u00fcr Folgesch\u00e4den und entgangenen Gewinn ist ausgeschlossen.<br \/>\nHat der Nutzer durch ein schuldhaftes Verhalten, insbesondere durch eine Verletzung seiner Mitwirkungs- und Sorgfaltspflichten, zur Entstehung des Schadens beigetragen, bestimmt sich nach den Grunds\u00e4tzen des Mitverschuldens, in welchem Umfang der Schaden von uns und dem Nutzer zu tragen ist.<\/p>\n<p><strong>6. Anwendbares Recht<\/strong><br \/>\nDiese Bedingungen unterliegen deutschem Recht.<\/p>\n<p><strong>7. Salvatorische Klausel<\/strong><br \/>\nSollte eine Bestimmung dieser Vereinbarung unwirksam sein oder die Vereinbarung eine Regelungsl\u00fccke enthalten, so bleibt die Rechtswirksamkeit der \u00fcbrigen Bestimmungen unber\u00fchrt. An Stelle der unwirksamen Bestimmung gilt eine wirksame Bestimmung als vereinbart, die der gewollten am n\u00e4chsten kommt; das Gleiche gilt im Falle einer Regelungsl\u00fccke.<\/p>\n<p>Stand: 01.08.2013<\/p>\n<\/div>\n<div class=\"entry\"><\/div>\n","protected":false},"excerpt":{"rendered":"<p>Unternehmensberatung Mortensen Keltenweg 16 93128 RegenstaufTel.: +49(0) 9402 \/\u00a02818 Fax.: +49((0) 9402 \/ 9232 E-mail: info@unternehmensberatung-mortensen.de Gesch\u00e4ftsf\u00fchrer: Wolfgang Mortensen e.K. Registergericht: Amtsgericht Regensburg HRA6217 Sitz Regenstauf &nbsp; Disclaimer Dieser Disclaimer regelt die Nutzung des Informationsangebots der Unternehmensberatung Wolfgang Mortensen e.K. im Internet durch seine Kunden und Interessenten. Benutzungsregeln Zu zahlreichen Seiten, insbesondere Informationsangeboten, bieten wir [&hellip;]<\/p>\n","protected":false},"author":1,"featured_media":0,"parent":0,"menu_order":0,"comment_status":"closed","ping_status":"closed","template":"","meta":[],"_links":{"self":[{"href":"http:\/\/www.unternehmensberatung-mortensen.de\/index.php?rest_route=\/wp\/v2\/pages\/62"}],"collection":[{"href":"http:\/\/www.unternehmensberatung-mortensen.de\/index.php?rest_route=\/wp\/v2\/pages"}],"about":[{"href":"http:\/\/www.unternehmensberatung-mortensen.de\/index.php?rest_route=\/wp\/v2\/types\/page"}],"author":[{"embeddable":true,"href":"http:\/\/www.unternehmensberatung-mortensen.de\/index.php?rest_route=\/wp\/v2\/users\/1"}],"replies":[{"embeddable":true,"href":"http:\/\/www.unternehmensberatung-mortensen.de\/index.php?rest_route=%2Fwp%2Fv2%2Fcomments&post=62"}],"version-history":[{"count":11,"href":"http:\/\/www.unternehmensberatung-mortensen.de\/index.php?rest_route=\/wp\/v2\/pages\/62\/revisions"}],"predecessor-version":[{"id":223,"href":"http:\/\/www.unternehmensberatung-mortensen.de\/index.php?rest_route=\/wp\/v2\/pages\/62\/revisions\/223"}],"wp:attachment":[{"href":"http:\/\/www.unternehmensberatung-mortensen.de\/index.php?rest_route=%2Fwp%2Fv2%2Fmedia&parent=62"}],"curies":[{"name":"wp","href":"https:\/\/api.w.org\/{rel}","templated":true}]}}