{"id":192,"date":"2013-11-30T09:10:29","date_gmt":"2013-11-30T09:10:29","guid":{"rendered":"http:\/\/www.unternehmensberatung-mortensen.de\/?page_id=192"},"modified":"2015-08-17T19:22:15","modified_gmt":"2015-08-17T19:22:15","slug":"agbs","status":"publish","type":"page","link":"http:\/\/www.unternehmensberatung-mortensen.de\/?page_id=192","title":{"rendered":"AGB und Honorar"},"content":{"rendered":"<p><strong><em>Allgemeine Gesch\u00e4ftsbedingungen der Unternehmensberatung- Mortensen e.K.<\/em><\/strong><\/p>\n<p><strong>\u00a7 1 Geltungsbereich und Umfang<\/strong><\/p>\n<p>Diese Allgemeinen Gesch\u00e4ftsbedingungen gelten f\u00fcr den gesamten Gesch\u00e4ftsverkehr, alle Rechtsgesch\u00e4fte der Unternehmensberatung Mortensen e.K, nachfolgend \u201eBerater\u201c genannt, und den Kunden bzw. Auftraggebern, im Folgenden \u201eKlienten\u201c genannt.<br \/>\nF\u00fcr den Fall, dass diese AGB mit jenen des Auftraggebers konkurrieren, gehen gegenst\u00e4ndliche Gesch\u00e4ftsbedingungen des Beraters vor.<br \/>\nDer Berater erbringt Dienstleistungen auf dem Gebiet der betriebwirtschaftlichen Beratung, insbesondere in den Bereichen Kunden- marktorientierter- und situationsorientierter Strategien, dem internen Informationssystem, der optimierten Nutzung des eigenen Mitarbeiterpotentials, einem effizienten F\u00fchrungs- und Bezahlungssystem. Allgemein der strategischen Planung, dem Controlling, und der Verbesserung Unternehmerischer Kennzahlen.<br \/>\nDer Umfang des Beratungsauftrages wird vertraglich vereinbart. Existiert keine schriftliche Vereinbarung, so z.B. in Teilbereichen, ergibt er sich aus den Umst\u00e4nden des konkreten Falles.<\/p>\n<p><strong>\u00a7 2 Aufkl\u00e4rungspflicht des Auftraggebers \/ Vollst\u00e4ndigkeitserkl\u00e4rung<\/strong><\/p>\n<p>Der Klient sorgt daf\u00fcr, dass dem Berater alle f\u00fcr die Erf\u00fcllung und Ausf\u00fchrung des Beratungsauftrages notwendigen Unterlagen zeitgerecht vorgelegt werden und ihm von allen Vorg\u00e4ngen und Umst\u00e4nden Kenntnis gegeben wird, die f\u00fcr die Ausf\u00fchrung des Auftrages von Bedeutung sind. Dazu kann der Berater auch zur Mitwirkung die Angestellten des Klienten<br \/>\nbefragen, im Sinne einer vertrauensvollen Zusammenarbeit in guter Betriebssph\u00e4re.<\/p>\n<p><strong>\u00a7 3 Leistungsumfang und Berichtspflicht<\/strong><\/p>\n<p>Die Leistungen des Beraters sind erbracht, wenn die erforderlichen Analysen, die sich daraus ergebenden Schlussfolgerungen und die Empfehlungen erarbeitet und gegen\u00fcber dem Klienten erl\u00e4utert worden sind. Dies kann in m\u00fcndlicher Weise oder in schriftlicher Form erfolgt sein.<br \/>\nUnerheblich ist, ob und wann die Schlussfolgerungen bzw. Empfehlungen umgesetzt werden.<\/p>\n<p>Ereignisse h\u00f6herer Gewalt, die die Leistung wesentlich erschweren oder zeitweilig unm\u00f6glich machen, oder Behinderungen durch fehlende Mitwirkung des Klienten berechtigen den Berater,<br \/>\ndie Erf\u00fcllung seiner Leistung um die Dauer der Behinderung und eine angemessene Anlaufzeit<br \/>\nhinauszuschieben. Der h\u00f6heren Gewalt stehen Arbeitskampf und \u00e4hnliche Umst\u00e4nde gleich, soweit sie unvorhersehbar und schwerwiegend sind. Die Parteien erteilen sich gegenseitig unverz\u00fcglich den Eintritt solcher Umst\u00e4nde mit. Bei l\u00e4ngerer Dauer dieser Umst\u00e4nde kann der Berater eine Teilrechnung f\u00fcr die bereits geleisteten Arbeitsschritte verlangen.<\/p>\n<p><strong>\u00a7 4 Haftung<\/strong><\/p>\n<p>Die Repr\u00e4sentanten, die Analytiker und Consultanten des Beraters, seine Mitarbeiter und die<br \/>\nhinzugezogenen Kollegen handeln bei der Durchf\u00fchrung der Beratung nach den allgemein anerkannten Prinzipien der Berufsaus\u00fcbung. Eine Haftung wird daher nur \u00fcbernommen f\u00fcr Sch\u00e4den aus Vorsatz oder grober Fahrl\u00e4ssigkeit im Rahmen der gesetzlichen Vorschriften.<br \/>\nEin Schadensersatzanspruch kann nur innerhalb von 6 Monaten nach Beendigung der Dienstleistung geltend gemacht werden.<\/p>\n<p><strong>\u00a7 5 Verpflichtung zur Verschwiegenheit<\/strong><\/p>\n<p>Die Consultanten der Berater, seine Mitarbeiter und die beteiligten Kollegen verpflichten sich, \u00fcber alle Angelegenheiten, die Ihnen im Zusammenhang mit Ihrer T\u00e4tigkeit f\u00fcr den Klienten bekannt werden, Stillschweigen zu bewahren. Der Berater gew\u00e4hrleistet gem\u00e4\u00df den Bestimmungen des Datenschutzgesetzes, sowie des Bankgeheimnisses, die Verpflichtung zur Wahrung des Datengeheimnisses.<\/p>\n<p><strong>\u00a7 6 \u00c4nderungen des Auftrages<\/strong><\/p>\n<p>\u00c4nderungen oder Erg\u00e4nzungen k\u00f6nnen schriftlich oder m\u00fcndlich vereinbart werden.<br \/>\nDer Berater ist verpflichtet, \u00c4nderungsverlangen des Auftraggebers Rechnung zu tragen, sofern ihm dies im Rahmen seiner betrieblichen Kapazit\u00e4ten, insbesondere hinsichtlich des Aufwandes und der Zeitplanung zumutbar ist. Dadurch entstehende Mehrkosten werden nach Ma\u00dfgabe dieser AGB verg\u00fctet. Bei einem Abbruchswunsch oder einer vorzeitigen Beendigung des Beratungsauftrages durch den Klienten, gleich aus welchem Grunde, ist die volle vereinbarte Verg\u00fctung an den Berater zu leisten. Dar\u00fcber hinaus wird der Berater vom Klienten von allen Verbindlichkeiten gegen\u00fcber Dritten freigestellt.<br \/>\nFalls der Klient schon vor Beginn der Beratungsleistung vom Vertrag zur\u00fccktritt ist eine Stornogeb\u00fchr in voller H\u00f6he des Honorars f\u00e4llig.<\/p>\n<p><strong>\u00a7 7 Honorar , Verg\u00fctungen<\/strong><\/p>\n<p>Es gelten die in der Einzelvereinbarung festgelegten S\u00e4tze, oder die in der Auftragsbest\u00e4tigung vereinbarte Verg\u00fctung, oder die Geb\u00fchrentabelle des Beraters. Zahlungen sind, wenn der Vertrag nichts anderes bestimmt, nach Rechnungsstellung sofort und ohne jeden Abzug f\u00e4llig. Der Klient kommt allein durch die Mahnung des Beraters oder, wenn der Zeitpunkt der Zahlung kalenderm\u00e4\u00dfig bestimmt ist, mit der Nichtzahlung zum vereinbarten Zeitpunkt in Verzug. Ab Verzugseintritt steht dem Berater ein Anspruch auf Verzugszinsen in H\u00f6he von 9 % Punkten \u00fcber dem Basiszinssatz zu. Das Recht zur Geltendmachung eines dar\u00fcber hinaus gehenden Schadens bleibt unber\u00fchrt.<br \/>\nAlle zu zahlenden Betr\u00e4ge verstehen sich zuz\u00fcglich der gesetzlichen Umsatzsteuer in der jeweils geltenden H\u00f6he.<br \/>\nFremdkosten, Auslagen und Spesen sind dem Berater wenn nicht anders vereinbart gesondert gegen Vorlage entsprechender Belege zu verg\u00fcten. Dazu z\u00e4hlen auch Programme und Software, die nicht zum Liefer- bzw. Beratungsumfang geh\u00f6ren. Die entsprechenden Lizenzen und Nutzungsrechte m\u00fcssen gegebenenfalls gesondert erworben werden. Nach Kauf und Einsatz ist ein Umtausch von Software ausgeschlossen!<br \/>\nInsoweit beh\u00e4lt sich der Berater das Eigentum an den gelieferten Waren und Leistungen bis zur vollst\u00e4ndigen Bezahlung aller aus der Gesch\u00e4ftsverbindung gegen\u00fcber dem K\u00e4ufer \/ Klienten entstandenen oder noch entstehenden Forderungen, gleich welcher Art und welchen Rechtsgrundes vor.<\/p>\n<p><strong>\u00a7 8 Erf\u00fcllungsort und Gerichtsstand<\/strong><\/p>\n<p>Erf\u00fcllungsort und Gerichtsstand ist der Sitz des Beraters, die Unternehmensberatung Mortensen e.K.<\/p>\n<p><strong><em>Geb\u00fchrentabelle 2015<\/em><\/strong><\/p>\n<p>1. Erstberatung 2-3 Tage je nach Betriebsgr\u00f6\u00dfe pauschal 3.900,-\u20ac zzgl. MwSt<br \/>\n2. weitere auf Kundenwunsch notwendige nachfolgende Einzelberatungstage zu je 600,-\u20ac zzgl. MwSt<br \/>\n3. Auftrag zur genaueren Analyse des Unternehmens. Hier ist die Beratungsstunde mit 390,-\u20ac zzgl. MwSt festgesetzt. Der Auftrag ist notwendigerweise zur Qualit\u00e4tssicherung auf mindestens 24 Beratungsstunden festzulegen. Also ist ein Mindesthonorar von 9.360,-\u20ac zzgl. MwSt f\u00e4llig.<br \/>\n4. L\u00e4ngere Beratungszeiten bei Neustrukturierungen, etc. k\u00f6nnen auch pauschaliert werden.<br \/>\n5. Nebenkosten sowie Fremdkosten, Software, Beratungsprogramme und Spesen sind gesondert gegen Vorlage der Belege zu erstatten.<\/p>\n","protected":false},"excerpt":{"rendered":"<p>Allgemeine Gesch\u00e4ftsbedingungen der Unternehmensberatung- Mortensen e.K. \u00a7 1 Geltungsbereich und Umfang Diese Allgemeinen Gesch\u00e4ftsbedingungen gelten f\u00fcr den gesamten Gesch\u00e4ftsverkehr, alle Rechtsgesch\u00e4fte der Unternehmensberatung Mortensen e.K, nachfolgend \u201eBerater\u201c genannt, und den Kunden bzw. Auftraggebern, im Folgenden \u201eKlienten\u201c genannt. F\u00fcr den Fall, dass diese AGB mit jenen des Auftraggebers konkurrieren, gehen gegenst\u00e4ndliche Gesch\u00e4ftsbedingungen des Beraters vor. Der [&hellip;]<\/p>\n","protected":false},"author":1,"featured_media":0,"parent":0,"menu_order":20,"comment_status":"closed","ping_status":"closed","template":"","meta":[],"_links":{"self":[{"href":"http:\/\/www.unternehmensberatung-mortensen.de\/index.php?rest_route=\/wp\/v2\/pages\/192"}],"collection":[{"href":"http:\/\/www.unternehmensberatung-mortensen.de\/index.php?rest_route=\/wp\/v2\/pages"}],"about":[{"href":"http:\/\/www.unternehmensberatung-mortensen.de\/index.php?rest_route=\/wp\/v2\/types\/page"}],"author":[{"embeddable":true,"href":"http:\/\/www.unternehmensberatung-mortensen.de\/index.php?rest_route=\/wp\/v2\/users\/1"}],"replies":[{"embeddable":true,"href":"http:\/\/www.unternehmensberatung-mortensen.de\/index.php?rest_route=%2Fwp%2Fv2%2Fcomments&post=192"}],"version-history":[{"count":8,"href":"http:\/\/www.unternehmensberatung-mortensen.de\/index.php?rest_route=\/wp\/v2\/pages\/192\/revisions"}],"predecessor-version":[{"id":214,"href":"http:\/\/www.unternehmensberatung-mortensen.de\/index.php?rest_route=\/wp\/v2\/pages\/192\/revisions\/214"}],"wp:attachment":[{"href":"http:\/\/www.unternehmensberatung-mortensen.de\/index.php?rest_route=%2Fwp%2Fv2%2Fmedia&parent=192"}],"curies":[{"name":"wp","href":"https:\/\/api.w.org\/{rel}","templated":true}]}}