{"id":184,"date":"2013-07-30T15:37:29","date_gmt":"2013-07-30T15:37:29","guid":{"rendered":"http:\/\/www.unternehmensberatung-mortensen.de\/?page_id=184"},"modified":"2013-07-30T15:38:55","modified_gmt":"2013-07-30T15:38:55","slug":"klienten","status":"publish","type":"page","link":"http:\/\/www.unternehmensberatung-mortensen.de\/?page_id=184","title":{"rendered":"Klienten"},"content":{"rendered":"<\/div>\n<div style=\"font-family: Arial, sans-serif; font-size:14px; line-height:2.0em\">\nUnsere Klienten sind:<\/p>\n<p>&#8211; Altenheime, Pflegedienste, Krankenh\u00e4user<br \/>\n&#8211; Apotheken<br \/>\n&#8211; Architekten, Ingenieurb\u00fcros, Vermessungstechnik<br \/>\n&#8211; Autoh\u00e4user, Zweiradh\u00e4user<br \/>\n&#8211; Bauunternehmen<br \/>\n&#8211; Brandschutz- und Sicherheitsfirmen<br \/>\n&#8211; B\u00e4ckereien und Konditoreien<br \/>\n&#8211; Chemiebetriebe, Gummiwaren, Papier<br \/>\n&#8211; Dachdecker<br \/>\n&#8211; Dentallabor<br \/>\n&#8211; Druckereien, Printmedien<br \/>\n&#8211; EDV-Unternehmen, Kommunikations- und B\u00fcrotechnik<br \/>\n&#8211; Elektronikinstallateure, Elektronik<br \/>\n&#8211; Fleischereien, Metzger, K\u00e4sereien<br \/>\n&#8211; Friseure, Kosmetik, Optiker<br \/>\n&#8211; Gemeindeverwaltungen, B\u00fcrgermeistereien<br \/>\n&#8211; Garten- und Landschaftsbau, Blumenhandel<br \/>\n&#8211; Gastst\u00e4tten, Restaurants, Catering, Brauereien<br \/>\n&#8211; Gro\u00df- und Einzelhandel<br \/>\n&#8211; Holzverarbeitung, Zimmereien, Tischler, Schreiner<br \/>\n&#8211; Hotels und Pensionen, Ferienanlagen<br \/>\n&#8211; Investment- und Beratungs- und Anlageninstitute<br \/>\n&#8211; Kirchliche Institutionen, Verwaltungen<br \/>\n&#8211; Kfz. &#8211; Werkst\u00e4tten, Reparaturwerkst\u00e4tten<br \/>\n&#8211; Landwirtschaftsbetriebe, Landtechnik<br \/>\n&#8211; Maler, Lackierer, Fliesen<br \/>\n&#8211; Messtechnik<br \/>\n&#8211; Metall- und Maschinenbau<br \/>\n&#8211; Personalleasing, Personalaus- und Weiterbildung<br \/>\n&#8211; Recyclingunternehmen, Entsorgung, Stadtwerke, Brennstoffhandel<br \/>\n&#8211; Reise- und Busunternehmen<br \/>\n&#8211; Sanit\u00e4r, Heizung, Klima<br \/>\n&#8211; Speditionen, Taxi, Mietwagen, Transportunternehmen<br \/>\n&#8211; Tankstellen<br \/>\n&#8211; Eventagenturen, Veranstaltungen, Sport, Wellness<br \/>\n&#8211; Vereine, Parteien, Interessengemeinschaften<br \/>\n&#8211; Werbe- und Marketingagenturen<br \/>\n&#8211; Wohnungsbau, Bautr\u00e4ger, Geb\u00e4udeverwaltung, Immobilienhandel\n<\/p><\/div>\n<div class=\"entry\">\n","protected":false},"excerpt":{"rendered":"<p>Unsere Klienten sind: &#8211; Altenheime, Pflegedienste, Krankenh\u00e4user &#8211; Apotheken &#8211; Architekten, Ingenieurb\u00fcros, Vermessungstechnik &#8211; Autoh\u00e4user, Zweiradh\u00e4user &#8211; Bauunternehmen &#8211; Brandschutz- und Sicherheitsfirmen &#8211; B\u00e4ckereien und Konditoreien &#8211; Chemiebetriebe, Gummiwaren, Papier &#8211; Dachdecker &#8211; Dentallabor &#8211; Druckereien, Printmedien &#8211; EDV-Unternehmen, Kommunikations- und B\u00fcrotechnik &#8211; Elektronikinstallateure, Elektronik &#8211; Fleischereien, Metzger, K\u00e4sereien &#8211; Friseure, Kosmetik, Optiker &#8211; Gemeindeverwaltungen, [&hellip;]<\/p>\n","protected":false},"author":1,"featured_media":0,"parent":0,"menu_order":0,"comment_status":"closed","ping_status":"closed","template":"","meta":[],"_links":{"self":[{"href":"http:\/\/www.unternehmensberatung-mortensen.de\/index.php?rest_route=\/wp\/v2\/pages\/184"}],"collection":[{"href":"http:\/\/www.unternehmensberatung-mortensen.de\/index.php?rest_route=\/wp\/v2\/pages"}],"about":[{"href":"http:\/\/www.unternehmensberatung-mortensen.de\/index.php?rest_route=\/wp\/v2\/types\/page"}],"author":[{"embeddable":true,"href":"http:\/\/www.unternehmensberatung-mortensen.de\/index.php?rest_route=\/wp\/v2\/users\/1"}],"replies":[{"embeddable":true,"href":"http:\/\/www.unternehmensberatung-mortensen.de\/index.php?rest_route=%2Fwp%2Fv2%2Fcomments&post=184"}],"version-history":[{"count":2,"href":"http:\/\/www.unternehmensberatung-mortensen.de\/index.php?rest_route=\/wp\/v2\/pages\/184\/revisions"}],"predecessor-version":[{"id":187,"href":"http:\/\/www.unternehmensberatung-mortensen.de\/index.php?rest_route=\/wp\/v2\/pages\/184\/revisions\/187"}],"wp:attachment":[{"href":"http:\/\/www.unternehmensberatung-mortensen.de\/index.php?rest_route=%2Fwp%2Fv2%2Fmedia&parent=184"}],"curies":[{"name":"wp","href":"https:\/\/api.w.org\/{rel}","templated":true}]}}